{"id":9775,"date":"2025-05-08T02:15:00","date_gmt":"2025-05-08T00:15:00","guid":{"rendered":"https:\/\/alsmcnt.agartaworld.com\/?page_id=9775"},"modified":"2025-05-08T17:33:33","modified_gmt":"2025-05-08T15:33:33","slug":"mot-de-passe-oublie","status":"publish","type":"page","link":"https:\/\/ales-mecenat.fr\/?page_id=9775","title":{"rendered":"Mot de passe oubli\u00e9"},"content":{"rendered":"<div class=\"wppb_holder\" id=\"wppb-recover-password-container\">\t<form enctype=\"multipart\/form-data\" method=\"post\" id=\"wppb-recover-password\" class=\"wppb-user-forms\" action=\"https:\/\/ales-mecenat.fr\/index.php?rest_route=%2Fwp%2Fv2%2Fpages%2F9775\">\n\t<p>Merci d'entrer votre nom d'utilisateur ou votre adresse de messagerie.<br \/>Vous recevrez un lien par E-mail pour cr\u00e9er un nouveau mot de passe.<\/p><ul>\n\t\t\t<li class=\"wppb-form-field wppb-username-email\">\n\t\t\t\t<label for=\"username_email\">Pseudo ou Email<\/label>\n\t\t\t\t<input class=\"text-input\" name=\"username_email\" type=\"text\" id=\"username_email\" value=\"\"  \/>\n\t\t\t<\/li><!-- .username_email --><\/ul>\t<p class=\"form-submit\">\n\t\t\t\t<input name=\"recover_password\" type=\"submit\" id=\"wppb-recover-password-button\" class=\"submit button\" value=\"Get Reset Link\" \/>\n\t\t<input name=\"action\" type=\"hidden\" id=\"action\" value=\"recover_password\" \/>\n\t<\/p>\n\t<input type=\"hidden\" id=\"password_recovery_nonce_field\" name=\"password_recovery_nonce_field\" value=\"398864be05\" \/><input type=\"hidden\" name=\"_wp_http_referer\" value=\"\/index.php?rest_route=%2Fwp%2Fv2%2Fpages%2F9775\" \/>\t<\/form>\n\t<\/div>\n","protected":false},"excerpt":{"rendered":"","protected":false},"author":1,"featured_media":0,"parent":0,"menu_order":0,"comment_status":"closed","ping_status":"closed","template":"","meta":{"footnotes":"","_links_to":"","_links_to_target":""},"class_list":["post-9775","page","type-page","status-publish","hentry"],"yoast_head":"<!-- This site is optimized with the Yoast SEO plugin v26.9 - https:\/\/yoast.com\/product\/yoast-seo-wordpress\/ -->\n<title>Mot de passe oubli\u00e9 - Al\u00e8s M\u00e9c\u00e9nat<\/title>\n<meta name=\"robots\" content=\"index, follow, max-snippet:-1, max-image-preview:large, max-video-preview:-1\" \/>\n<link rel=\"canonical\" href=\"https:\/\/ales-mecenat.fr\/?page_id=9775\" \/>\n<meta property=\"og:locale\" content=\"fr_FR\" \/>\n<meta property=\"og:type\" content=\"article\" \/>\n<meta property=\"og:title\" content=\"Mot de passe oubli\u00e9 - Al\u00e8s M\u00e9c\u00e9nat\" \/>\n<meta property=\"og:url\" content=\"https:\/\/ales-mecenat.fr\/?page_id=9775\" \/>\n<meta property=\"og:site_name\" content=\"Al\u00e8s M\u00e9c\u00e9nat\" \/>\n<meta property=\"article:modified_time\" content=\"2025-05-08T15:33:33+00:00\" \/>\n<meta name=\"twitter:card\" content=\"summary_large_image\" \/>\n<script type=\"application\/ld+json\" class=\"yoast-schema-graph\">{\"@context\":\"https:\/\/schema.org\",\"@graph\":[{\"@type\":\"WebPage\",\"@id\":\"https:\/\/ales-mecenat.fr\/?page_id=9775\",\"url\":\"https:\/\/ales-mecenat.fr\/?page_id=9775\",\"name\":\"Mot de passe oubli\u00e9 - Al\u00e8s M\u00e9c\u00e9nat\",\"isPartOf\":{\"@id\":\"https:\/\/ales-mecenat.fr\/#website\"},\"datePublished\":\"2025-05-08T00:15:00+00:00\",\"dateModified\":\"2025-05-08T15:33:33+00:00\",\"breadcrumb\":{\"@id\":\"https:\/\/ales-mecenat.fr\/?page_id=9775#breadcrumb\"},\"inLanguage\":\"fr-FR\",\"potentialAction\":[{\"@type\":\"ReadAction\",\"target\":[\"https:\/\/ales-mecenat.fr\/?page_id=9775\"]}]},{\"@type\":\"BreadcrumbList\",\"@id\":\"https:\/\/ales-mecenat.fr\/?page_id=9775#breadcrumb\",\"itemListElement\":[{\"@type\":\"ListItem\",\"position\":1,\"name\":\"Accueil\",\"item\":\"https:\/\/ales-mecenat.fr\/\"},{\"@type\":\"ListItem\",\"position\":2,\"name\":\"Mot de passe oubli\u00e9\"}]},{\"@type\":\"WebSite\",\"@id\":\"https:\/\/ales-mecenat.fr\/#website\",\"url\":\"https:\/\/ales-mecenat.fr\/\",\"name\":\"Al\u00e8s M\u00e9c\u00e9nat\",\"description\":\"Fonds de Dotation d\u00e9di\u00e9 \u00e0 la Culture et au Sport sur le territoire d&#039;Al\u00e8s\",\"publisher\":{\"@id\":\"https:\/\/ales-mecenat.fr\/#organization\"},\"potentialAction\":[{\"@type\":\"SearchAction\",\"target\":{\"@type\":\"EntryPoint\",\"urlTemplate\":\"https:\/\/ales-mecenat.fr\/?s={search_term_string}\"},\"query-input\":{\"@type\":\"PropertyValueSpecification\",\"valueRequired\":true,\"valueName\":\"search_term_string\"}}],\"inLanguage\":\"fr-FR\"},{\"@type\":\"Organization\",\"@id\":\"https:\/\/ales-mecenat.fr\/#organization\",\"name\":\"Al\u00e8s M\u00e9c\u00e9nat\",\"url\":\"https:\/\/ales-mecenat.fr\/\",\"logo\":{\"@type\":\"ImageObject\",\"inLanguage\":\"fr-FR\",\"@id\":\"https:\/\/ales-mecenat.fr\/#\/schema\/logo\/image\/\",\"url\":\"https:\/\/ales-mecenat.fr\/wp-content\/uploads\/2025\/05\/logo-alesmecenat.svg\",\"contentUrl\":\"https:\/\/ales-mecenat.fr\/wp-content\/uploads\/2025\/05\/logo-alesmecenat.svg\",\"width\":309,\"height\":141,\"caption\":\"Al\u00e8s M\u00e9c\u00e9nat\"},\"image\":{\"@id\":\"https:\/\/ales-mecenat.fr\/#\/schema\/logo\/image\/\"}}]}<\/script>\n<!-- \/ Yoast SEO plugin. -->","yoast_head_json":{"title":"Mot de passe oubli\u00e9 - Al\u00e8s M\u00e9c\u00e9nat","robots":{"index":"index","follow":"follow","max-snippet":"max-snippet:-1","max-image-preview":"max-image-preview:large","max-video-preview":"max-video-preview:-1"},"canonical":"https:\/\/ales-mecenat.fr\/?page_id=9775","og_locale":"fr_FR","og_type":"article","og_title":"Mot de passe oubli\u00e9 - Al\u00e8s M\u00e9c\u00e9nat","og_url":"https:\/\/ales-mecenat.fr\/?page_id=9775","og_site_name":"Al\u00e8s M\u00e9c\u00e9nat","article_modified_time":"2025-05-08T15:33:33+00:00","twitter_card":"summary_large_image","schema":{"@context":"https:\/\/schema.org","@graph":[{"@type":"WebPage","@id":"https:\/\/ales-mecenat.fr\/?page_id=9775","url":"https:\/\/ales-mecenat.fr\/?page_id=9775","name":"Mot de passe oubli\u00e9 - Al\u00e8s M\u00e9c\u00e9nat","isPartOf":{"@id":"https:\/\/ales-mecenat.fr\/#website"},"datePublished":"2025-05-08T00:15:00+00:00","dateModified":"2025-05-08T15:33:33+00:00","breadcrumb":{"@id":"https:\/\/ales-mecenat.fr\/?page_id=9775#breadcrumb"},"inLanguage":"fr-FR","potentialAction":[{"@type":"ReadAction","target":["https:\/\/ales-mecenat.fr\/?page_id=9775"]}]},{"@type":"BreadcrumbList","@id":"https:\/\/ales-mecenat.fr\/?page_id=9775#breadcrumb","itemListElement":[{"@type":"ListItem","position":1,"name":"Accueil","item":"https:\/\/ales-mecenat.fr\/"},{"@type":"ListItem","position":2,"name":"Mot de passe oubli\u00e9"}]},{"@type":"WebSite","@id":"https:\/\/ales-mecenat.fr\/#website","url":"https:\/\/ales-mecenat.fr\/","name":"Al\u00e8s M\u00e9c\u00e9nat","description":"Fonds de Dotation d\u00e9di\u00e9 \u00e0 la Culture et au Sport sur le territoire d&#039;Al\u00e8s","publisher":{"@id":"https:\/\/ales-mecenat.fr\/#organization"},"potentialAction":[{"@type":"SearchAction","target":{"@type":"EntryPoint","urlTemplate":"https:\/\/ales-mecenat.fr\/?s={search_term_string}"},"query-input":{"@type":"PropertyValueSpecification","valueRequired":true,"valueName":"search_term_string"}}],"inLanguage":"fr-FR"},{"@type":"Organization","@id":"https:\/\/ales-mecenat.fr\/#organization","name":"Al\u00e8s M\u00e9c\u00e9nat","url":"https:\/\/ales-mecenat.fr\/","logo":{"@type":"ImageObject","inLanguage":"fr-FR","@id":"https:\/\/ales-mecenat.fr\/#\/schema\/logo\/image\/","url":"https:\/\/ales-mecenat.fr\/wp-content\/uploads\/2025\/05\/logo-alesmecenat.svg","contentUrl":"https:\/\/ales-mecenat.fr\/wp-content\/uploads\/2025\/05\/logo-alesmecenat.svg","width":309,"height":141,"caption":"Al\u00e8s M\u00e9c\u00e9nat"},"image":{"@id":"https:\/\/ales-mecenat.fr\/#\/schema\/logo\/image\/"}}]}},"wpcf_dashboard":"<div class=\"woocommerce\"><div class=\"woocommerce-info\">Veuillez d\u2019abord vous identifier\u00a0? <a class=\"wpneoShowLogin\" href=\"#\">Cliquez ici pour vous identifier<\/a><\/div><div class=\"wpneo_login_form_div\" style=\"display: none;\"><form name=\"loginform\" id=\"loginform\" action=\"https:\/\/ales-mecenat.fr\/wp-login.php\" method=\"post\"><p class=\"login-username\">\n\t\t\t\t<label for=\"user_login\">Identifiant ou adresse e-mail<\/label>\n\t\t\t\t<input type=\"text\" name=\"log\" id=\"user_login\" autocomplete=\"username\" class=\"input\" value=\"\" size=\"20\" \/>\n\t\t\t<\/p><p class=\"login-password\">\n\t\t\t\t<label for=\"user_pass\">Mot de passe<\/label>\n\t\t\t\t<input type=\"password\" name=\"pwd\" id=\"user_pass\" autocomplete=\"current-password\" spellcheck=\"false\" class=\"input\" value=\"\" size=\"20\" \/>\n\t\t\t<\/p><p class=\"login-remember\"><label><input name=\"rememberme\" type=\"checkbox\" id=\"rememberme\" value=\"forever\" \/> Se souvenir de moi<\/label><\/p><p class=\"login-submit\">\n\t\t\t\t<input type=\"submit\" name=\"wp-submit\" id=\"wp-submit\" class=\"button button-primary\" value=\"Se connecter\" \/>\n\t\t\t\t<input type=\"hidden\" name=\"redirect_to\" value=\"https:\/\/ales-mecenat.fr\/index.php?rest_route=%2Fwp%2Fv2%2Fpages%2F9775\" \/>\n\t\t\t<\/p><\/form><\/div><\/div>","_links":{"self":[{"href":"https:\/\/ales-mecenat.fr\/index.php?rest_route=\/wp\/v2\/pages\/9775","targetHints":{"allow":["GET"]}}],"collection":[{"href":"https:\/\/ales-mecenat.fr\/index.php?rest_route=\/wp\/v2\/pages"}],"about":[{"href":"https:\/\/ales-mecenat.fr\/index.php?rest_route=\/wp\/v2\/types\/page"}],"author":[{"embeddable":true,"href":"https:\/\/ales-mecenat.fr\/index.php?rest_route=\/wp\/v2\/users\/1"}],"replies":[{"embeddable":true,"href":"https:\/\/ales-mecenat.fr\/index.php?rest_route=%2Fwp%2Fv2%2Fcomments&post=9775"}],"version-history":[{"count":3,"href":"https:\/\/ales-mecenat.fr\/index.php?rest_route=\/wp\/v2\/pages\/9775\/revisions"}],"predecessor-version":[{"id":10207,"href":"https:\/\/ales-mecenat.fr\/index.php?rest_route=\/wp\/v2\/pages\/9775\/revisions\/10207"}],"wp:attachment":[{"href":"https:\/\/ales-mecenat.fr\/index.php?rest_route=%2Fwp%2Fv2%2Fmedia&parent=9775"}],"curies":[{"name":"wp","href":"https:\/\/api.w.org\/{rel}","templated":true}]}}