{"id":9773,"date":"2025-05-08T02:15:00","date_gmt":"2025-05-08T00:15:00","guid":{"rendered":"https:\/\/alsmcnt.agartaworld.com\/?page_id=9773"},"modified":"2025-05-08T02:58:55","modified_gmt":"2025-05-08T00:58:55","slug":"connexion","status":"publish","type":"page","link":"https:\/\/ales-mecenat.fr\/?page_id=9773","title":{"rendered":"Connexion"},"content":{"rendered":"<div id=\"wppb-login-wrap\" class=\"wppb-user-forms\">\n\t\t<form name=\"wppb-loginform\" id=\"wppb-loginform\" class=\"\" action=\"https:\/\/ales-mecenat.fr\/index.php?rest_route=%2Fwp%2Fv2%2Fpages%2F9773\" method=\"post\">\n\t\t\t\n\t\t\t<p class=\"wppb-form-field login-username\">\n\t\t\t\t<label for=\"wppb_user_login\">Pseudo ou Email<\/label>\n\t\t\t\t<input type=\"text\" name=\"log\" id=\"wppb_user_login\" class=\"input\" value=\"\" size=\"20\" \/>\n\t\t\t<\/p>\n\t\t\t<p class=\"wppb-form-field login-password\">\n\t\t\t\t<label for=\"wppb_user_pass\">Mot de passe<\/label>\n\t\t\t\t<span class=\"wppb-password-field-container\">\n\t\t\t\t    <input type=\"password\" name=\"pwd\" id=\"wppb_user_pass\" class=\"input\" value=\"\" size=\"20\" \/>\n\t\t\t\t    \n            <button type=\"button\" class=\"wppb-toggle-pw wppb-show-pw hide-if-no-js\" data-toggle=\"0\" aria-label=\"Show password\" tabindex=\"-1\">\n                <img decoding=\"async\" src=\"https:\/\/ales-mecenat.fr\/wp-content\/plugins\/profile-builder\/\/assets\/images\/eye-outline.svg\" title=\"Afficher le mot de passe\" width=\"20px\" height=\"20px\" \/>\n            <\/button> <!-- add the HTML for the visibility toggle -->\n\t\t\t\t<\/span>\n            <\/p>\n\t\t\t\n\t\t\t\n\t\t\t<p class=\"wppb-form-field login-remember\"><input name=\"rememberme\" type=\"checkbox\" id=\"rememberme\" value=\"forever\" \/><label for=\"rememberme\">Se souvenir de moi<\/label><\/p>\n\t\t\t<p class=\"login-submit form-submit\">\n\t\t\t\t<input type=\"submit\" name=\"wp-submit\" id=\"wppb-submit\" class=\"button button-primary\" value=\"Se connecter\"\" \/>\n\t\t\t\t<input type=\"hidden\" name=\"redirect_to\" value=\"https:\/\/ales-mecenat.fr\/index.php?rest_route=%2Fwp%2Fv2%2Fpages%2F9773\" \/>\n\t\t\t<\/p>\n\t\t\t<input type=\"hidden\" name=\"wppb_login\" value=\"true\"\/>\n\t\t\t<input type=\"hidden\" name=\"wppb_form_location\" value=\"widget\"\/>\n\t\t\t<input type=\"hidden\" name=\"wppb_request_url\" value=\"https:\/\/ales-mecenat.fr\/index.php?rest_route=%2Fwp%2Fv2%2Fpages%2F9773\"\/>\n\t\t\t<input type=\"hidden\" name=\"wppb_lostpassword_url\" value=\"https:\/\/ales-mecenat.fr\/?page_id=9775\"\/>\n\t\t\t<input type=\"hidden\" name=\"wppb_redirect_priority\" value=\"\"\/>\n\t\t\t<input type=\"hidden\" name=\"wppb_referer_url\" value=\"\"\/>\n\t\t\t<input type=\"hidden\" id=\"CSRFToken-wppb\" name=\"CSRFToken-wppb\" value=\"7e22c86a1c\" \/><input type=\"hidden\" name=\"_wp_http_referer\" value=\"\/index.php?rest_route=%2Fwp%2Fv2%2Fpages%2F9773\" \/>\n\t\t\t<input type=\"hidden\" name=\"wppb_redirect_check\" value=\"true\"\/>\n\t\t\t\n\t\t<\/form><p class=\"login-register-lost-password\"><a class=\"login-lost-password\" href=\"https:\/\/ales-mecenat.fr\/?page_id=9775\">Mot de passe perdu?<\/a><\/p><script>if ( document.getElementById(\"rememberme\") ) document.getElementById(\"rememberme\").checked = true;<\/script><\/div>\n","protected":false},"excerpt":{"rendered":"","protected":false},"author":1,"featured_media":0,"parent":0,"menu_order":0,"comment_status":"closed","ping_status":"closed","template":"","meta":{"footnotes":"","_links_to":"","_links_to_target":""},"class_list":["post-9773","page","type-page","status-publish","hentry"],"yoast_head":"<!-- This site is optimized with the Yoast SEO plugin v26.9 - https:\/\/yoast.com\/product\/yoast-seo-wordpress\/ -->\n<title>Connexion - Al\u00e8s M\u00e9c\u00e9nat<\/title>\n<meta name=\"robots\" content=\"index, follow, max-snippet:-1, max-image-preview:large, max-video-preview:-1\" \/>\n<link rel=\"canonical\" href=\"https:\/\/ales-mecenat.fr\/?page_id=9773\" \/>\n<meta property=\"og:locale\" content=\"fr_FR\" \/>\n<meta property=\"og:type\" content=\"article\" \/>\n<meta property=\"og:title\" content=\"Connexion - Al\u00e8s M\u00e9c\u00e9nat\" \/>\n<meta property=\"og:url\" content=\"https:\/\/ales-mecenat.fr\/?page_id=9773\" \/>\n<meta property=\"og:site_name\" content=\"Al\u00e8s M\u00e9c\u00e9nat\" \/>\n<meta property=\"article:modified_time\" content=\"2025-05-08T00:58:55+00:00\" \/>\n<meta name=\"twitter:card\" content=\"summary_large_image\" \/>\n<script type=\"application\/ld+json\" class=\"yoast-schema-graph\">{\"@context\":\"https:\/\/schema.org\",\"@graph\":[{\"@type\":\"WebPage\",\"@id\":\"https:\/\/ales-mecenat.fr\/?page_id=9773\",\"url\":\"https:\/\/ales-mecenat.fr\/?page_id=9773\",\"name\":\"Connexion - Al\u00e8s M\u00e9c\u00e9nat\",\"isPartOf\":{\"@id\":\"https:\/\/ales-mecenat.fr\/#website\"},\"datePublished\":\"2025-05-08T00:15:00+00:00\",\"dateModified\":\"2025-05-08T00:58:55+00:00\",\"breadcrumb\":{\"@id\":\"https:\/\/ales-mecenat.fr\/?page_id=9773#breadcrumb\"},\"inLanguage\":\"fr-FR\",\"potentialAction\":[{\"@type\":\"ReadAction\",\"target\":[\"https:\/\/ales-mecenat.fr\/?page_id=9773\"]}]},{\"@type\":\"BreadcrumbList\",\"@id\":\"https:\/\/ales-mecenat.fr\/?page_id=9773#breadcrumb\",\"itemListElement\":[{\"@type\":\"ListItem\",\"position\":1,\"name\":\"Accueil\",\"item\":\"https:\/\/ales-mecenat.fr\/\"},{\"@type\":\"ListItem\",\"position\":2,\"name\":\"Connexion\"}]},{\"@type\":\"WebSite\",\"@id\":\"https:\/\/ales-mecenat.fr\/#website\",\"url\":\"https:\/\/ales-mecenat.fr\/\",\"name\":\"Al\u00e8s M\u00e9c\u00e9nat\",\"description\":\"Fonds de Dotation d\u00e9di\u00e9 \u00e0 la Culture et au Sport sur le territoire d&#039;Al\u00e8s\",\"publisher\":{\"@id\":\"https:\/\/ales-mecenat.fr\/#organization\"},\"potentialAction\":[{\"@type\":\"SearchAction\",\"target\":{\"@type\":\"EntryPoint\",\"urlTemplate\":\"https:\/\/ales-mecenat.fr\/?s={search_term_string}\"},\"query-input\":{\"@type\":\"PropertyValueSpecification\",\"valueRequired\":true,\"valueName\":\"search_term_string\"}}],\"inLanguage\":\"fr-FR\"},{\"@type\":\"Organization\",\"@id\":\"https:\/\/ales-mecenat.fr\/#organization\",\"name\":\"Al\u00e8s M\u00e9c\u00e9nat\",\"url\":\"https:\/\/ales-mecenat.fr\/\",\"logo\":{\"@type\":\"ImageObject\",\"inLanguage\":\"fr-FR\",\"@id\":\"https:\/\/ales-mecenat.fr\/#\/schema\/logo\/image\/\",\"url\":\"https:\/\/ales-mecenat.fr\/wp-content\/uploads\/2025\/05\/logo-alesmecenat.svg\",\"contentUrl\":\"https:\/\/ales-mecenat.fr\/wp-content\/uploads\/2025\/05\/logo-alesmecenat.svg\",\"width\":309,\"height\":141,\"caption\":\"Al\u00e8s M\u00e9c\u00e9nat\"},\"image\":{\"@id\":\"https:\/\/ales-mecenat.fr\/#\/schema\/logo\/image\/\"}}]}<\/script>\n<!-- \/ Yoast SEO plugin. -->","yoast_head_json":{"title":"Connexion - Al\u00e8s M\u00e9c\u00e9nat","robots":{"index":"index","follow":"follow","max-snippet":"max-snippet:-1","max-image-preview":"max-image-preview:large","max-video-preview":"max-video-preview:-1"},"canonical":"https:\/\/ales-mecenat.fr\/?page_id=9773","og_locale":"fr_FR","og_type":"article","og_title":"Connexion - Al\u00e8s M\u00e9c\u00e9nat","og_url":"https:\/\/ales-mecenat.fr\/?page_id=9773","og_site_name":"Al\u00e8s M\u00e9c\u00e9nat","article_modified_time":"2025-05-08T00:58:55+00:00","twitter_card":"summary_large_image","schema":{"@context":"https:\/\/schema.org","@graph":[{"@type":"WebPage","@id":"https:\/\/ales-mecenat.fr\/?page_id=9773","url":"https:\/\/ales-mecenat.fr\/?page_id=9773","name":"Connexion - Al\u00e8s M\u00e9c\u00e9nat","isPartOf":{"@id":"https:\/\/ales-mecenat.fr\/#website"},"datePublished":"2025-05-08T00:15:00+00:00","dateModified":"2025-05-08T00:58:55+00:00","breadcrumb":{"@id":"https:\/\/ales-mecenat.fr\/?page_id=9773#breadcrumb"},"inLanguage":"fr-FR","potentialAction":[{"@type":"ReadAction","target":["https:\/\/ales-mecenat.fr\/?page_id=9773"]}]},{"@type":"BreadcrumbList","@id":"https:\/\/ales-mecenat.fr\/?page_id=9773#breadcrumb","itemListElement":[{"@type":"ListItem","position":1,"name":"Accueil","item":"https:\/\/ales-mecenat.fr\/"},{"@type":"ListItem","position":2,"name":"Connexion"}]},{"@type":"WebSite","@id":"https:\/\/ales-mecenat.fr\/#website","url":"https:\/\/ales-mecenat.fr\/","name":"Al\u00e8s M\u00e9c\u00e9nat","description":"Fonds de Dotation d\u00e9di\u00e9 \u00e0 la Culture et au Sport sur le territoire d&#039;Al\u00e8s","publisher":{"@id":"https:\/\/ales-mecenat.fr\/#organization"},"potentialAction":[{"@type":"SearchAction","target":{"@type":"EntryPoint","urlTemplate":"https:\/\/ales-mecenat.fr\/?s={search_term_string}"},"query-input":{"@type":"PropertyValueSpecification","valueRequired":true,"valueName":"search_term_string"}}],"inLanguage":"fr-FR"},{"@type":"Organization","@id":"https:\/\/ales-mecenat.fr\/#organization","name":"Al\u00e8s M\u00e9c\u00e9nat","url":"https:\/\/ales-mecenat.fr\/","logo":{"@type":"ImageObject","inLanguage":"fr-FR","@id":"https:\/\/ales-mecenat.fr\/#\/schema\/logo\/image\/","url":"https:\/\/ales-mecenat.fr\/wp-content\/uploads\/2025\/05\/logo-alesmecenat.svg","contentUrl":"https:\/\/ales-mecenat.fr\/wp-content\/uploads\/2025\/05\/logo-alesmecenat.svg","width":309,"height":141,"caption":"Al\u00e8s M\u00e9c\u00e9nat"},"image":{"@id":"https:\/\/ales-mecenat.fr\/#\/schema\/logo\/image\/"}}]}},"wpcf_dashboard":"<div class=\"woocommerce\"><div class=\"woocommerce-info\">Veuillez d\u2019abord vous identifier\u00a0? <a class=\"wpneoShowLogin\" href=\"#\">Cliquez ici pour vous identifier<\/a><\/div><div class=\"wpneo_login_form_div\" style=\"display: none;\"><form name=\"loginform\" id=\"loginform\" action=\"https:\/\/ales-mecenat.fr\/wp-login.php\" method=\"post\"><p class=\"login-username\">\n\t\t\t\t<label for=\"user_login\">Identifiant ou adresse e-mail<\/label>\n\t\t\t\t<input type=\"text\" name=\"log\" id=\"user_login\" autocomplete=\"username\" class=\"input\" value=\"\" size=\"20\" \/>\n\t\t\t<\/p><p class=\"login-password\">\n\t\t\t\t<label for=\"user_pass\">Mot de passe<\/label>\n\t\t\t\t<input type=\"password\" name=\"pwd\" id=\"user_pass\" autocomplete=\"current-password\" spellcheck=\"false\" class=\"input\" value=\"\" size=\"20\" \/>\n\t\t\t<\/p><p class=\"login-remember\"><label><input name=\"rememberme\" type=\"checkbox\" id=\"rememberme\" value=\"forever\" \/> Se souvenir de moi<\/label><\/p><p class=\"login-submit\">\n\t\t\t\t<input type=\"submit\" name=\"wp-submit\" id=\"wp-submit\" class=\"button button-primary\" value=\"Se connecter\" \/>\n\t\t\t\t<input type=\"hidden\" name=\"redirect_to\" value=\"https:\/\/ales-mecenat.fr\/index.php?rest_route=%2Fwp%2Fv2%2Fpages%2F9773\" \/>\n\t\t\t<\/p><\/form><\/div><\/div>","_links":{"self":[{"href":"https:\/\/ales-mecenat.fr\/index.php?rest_route=\/wp\/v2\/pages\/9773","targetHints":{"allow":["GET"]}}],"collection":[{"href":"https:\/\/ales-mecenat.fr\/index.php?rest_route=\/wp\/v2\/pages"}],"about":[{"href":"https:\/\/ales-mecenat.fr\/index.php?rest_route=\/wp\/v2\/types\/page"}],"author":[{"embeddable":true,"href":"https:\/\/ales-mecenat.fr\/index.php?rest_route=\/wp\/v2\/users\/1"}],"replies":[{"embeddable":true,"href":"https:\/\/ales-mecenat.fr\/index.php?rest_route=%2Fwp%2Fv2%2Fcomments&post=9773"}],"version-history":[{"count":1,"href":"https:\/\/ales-mecenat.fr\/index.php?rest_route=\/wp\/v2\/pages\/9773\/revisions"}],"predecessor-version":[{"id":9826,"href":"https:\/\/ales-mecenat.fr\/index.php?rest_route=\/wp\/v2\/pages\/9773\/revisions\/9826"}],"wp:attachment":[{"href":"https:\/\/ales-mecenat.fr\/index.php?rest_route=%2Fwp%2Fv2%2Fmedia&parent=9773"}],"curies":[{"name":"wp","href":"https:\/\/api.w.org\/{rel}","templated":true}]}}