{"id":11223,"date":"2025-07-10T15:52:31","date_gmt":"2025-07-10T13:52:31","guid":{"rendered":"https:\/\/ales-mecenat.fr\/?page_id=11223"},"modified":"2025-07-10T16:32:08","modified_gmt":"2025-07-10T14:32:08","slug":"depot-de-dossier","status":"publish","type":"page","link":"https:\/\/ales-mecenat.fr\/?page_id=11223","title":{"rendered":"D\u00e9p\u00f4t de dossier"},"content":{"rendered":"\t\t<div data-elementor-type=\"wp-post\" data-elementor-id=\"11223\" class=\"elementor elementor-11223\" data-elementor-post-type=\"page\">\n\t\t\t\t\t\t<section class=\"elementor-section elementor-top-section elementor-element elementor-element-25e56c7 elementor-section-boxed elementor-section-height-default elementor-section-height-default\" data-id=\"25e56c7\" data-element_type=\"section\">\n\t\t\t\t\t\t<div class=\"elementor-container elementor-column-gap-default\">\n\t\t\t\t\t<div class=\"elementor-column elementor-col-100 elementor-top-column elementor-element elementor-element-03f6772 column-style-top\" data-id=\"03f6772\" data-element_type=\"column\">\n\t\t\t<div class=\"elementor-widget-wrap elementor-element-populated\">\n\t\t\t\t\t\t<div class=\"elementor-element elementor-element-789a39a elementor-widget elementor-widget-spacer\" data-id=\"789a39a\" data-element_type=\"widget\" data-widget_type=\"spacer.default\">\n\t\t\t\t<div class=\"elementor-widget-container\">\n\t\t\t\t\t\t\t<div class=\"elementor-spacer\">\n\t\t\t<div class=\"elementor-spacer-inner\"><\/div>\n\t\t<\/div>\n\t\t\t\t\t\t<\/div>\n\t\t\t\t<\/div>\n\t\t\t\t<div class=\"elementor-element elementor-element-2ab96c5 elementor-widget elementor-widget-text-editor\" data-id=\"2ab96c5\" data-element_type=\"widget\" data-widget_type=\"text-editor.default\">\n\t\t\t\t<div class=\"elementor-widget-container\">\n\t\t\t\t\t\t\t\t\t<h2>D\u00e9poser un dossier \/ projet<\/h2>\t\t\t\t\t\t\t\t<\/div>\n\t\t\t\t<\/div>\n\t\t\t\t<div class=\"elementor-element elementor-element-ac5b3bf elementor-widget elementor-widget-text-editor\" data-id=\"ac5b3bf\" data-element_type=\"widget\" data-widget_type=\"text-editor.default\">\n\t\t\t\t<div class=\"elementor-widget-container\">\n\t\t\t\t\t\t\t\t\t<p><b>Vous vous appr\u00eatez \u00e0 faire un d\u00e9p\u00f4t de dossier aupr\u00e8s d&rsquo;Al\u00e8s M\u00e9c\u00e9nat.<\/b><\/p><p>Avant de lancer le formulaire veuillez prendre connaissances des conditions ci-dessous :<\/p><p>\u2022 Votre structure doit \u00eatre domicili\u00e9e dans une commune du \u00ab\u00a0Pays C\u00e9vennes\u00a0\u00bb<br \/>\u2022 Votre structure doit \u00eatre reconnue d&rsquo;int\u00e9r\u00eat g\u00e9n\u00e9ral<br \/>\u2022 Vous devez pr\u00e9parer un budget suivant le mod\u00e8le \u00e0 <span style=\"text-decoration: underline;\"><a href=\"https:\/\/ales-mecenat.fr\/wp-content\/uploads\/2025\/07\/BUDGET-PROJET-DEMANDEUR-EXCEL.xlsx\">t\u00e9l\u00e9charger ici<\/a><\/span>. Il vous sera demand\u00e9 dans la derni\u00e8re \u00e9tape du formulaire<br \/>\u2022 Vous devez pr\u00e9parer votre rescrit fiscal et la copie de vos statuts au format pdf, doc ou xls, ils vous seront \u00e9galement demand\u00e9 lors de la derni\u00e8re \u00e9tape du formulaire.<\/p><p>Merci de votre compr\u00e9hension, si vous \u00eates pr\u00eat, vous pouvez d\u00e8s maintenant commencer la saisie de votre dossier.<\/p>\t\t\t\t\t\t\t\t<\/div>\n\t\t\t\t<\/div>\n\t\t\t\t<div class=\"elementor-element elementor-element-7aadfb1 elementor-align-left elementor-widget elementor-widget-button\" data-id=\"7aadfb1\" data-element_type=\"widget\" data-widget_type=\"button.default\">\n\t\t\t\t<div class=\"elementor-widget-container\">\n\t\t\t\t\t\t\t\t\t<div class=\"elementor-button-wrapper\">\n\t\t\t\t\t<a class=\"elementor-button elementor-button-link elementor-size-sm\" href=\"https:\/\/docs.google.com\/forms\/d\/e\/1FAIpQLSeFpA0616OLXgStCvcPd3s3Q0CLYg9JGXftJYLu8TOzU4C3rg\/viewform\" target=\"_blank\">\n\t\t\t\t\t\t<span class=\"elementor-button-content-wrapper\">\n\t\t\t\t\t\t<span class=\"elementor-button-icon\">\n\t\t\t\t<svg aria-hidden=\"true\" class=\"e-font-icon-svg e-fas-file-signature\" viewBox=\"0 0 576 512\" xmlns=\"http:\/\/www.w3.org\/2000\/svg\"><path d=\"M218.17 424.14c-2.95-5.92-8.09-6.52-10.17-6.52s-7.22.59-10.02 6.19l-7.67 15.34c-6.37 12.78-25.03 11.37-29.48-2.09L144 386.59l-10.61 31.88c-5.89 17.66-22.38 29.53-41 29.53H80c-8.84 0-16-7.16-16-16s7.16-16 16-16h12.39c4.83 0 9.11-3.08 10.64-7.66l18.19-54.64c3.3-9.81 12.44-16.41 22.78-16.41s19.48 6.59 22.77 16.41l13.88 41.64c19.75-16.19 54.06-9.7 66 14.16 1.89 3.78 5.49 5.95 9.36 6.26v-82.12l128-127.09V160H248c-13.2 0-24-10.8-24-24V0H24C10.7 0 0 10.7 0 24v464c0 13.3 10.7 24 24 24h336c13.3 0 24-10.7 24-24v-40l-128-.11c-16.12-.31-30.58-9.28-37.83-23.75zM384 121.9c0-6.3-2.5-12.4-7-16.9L279.1 7c-4.5-4.5-10.6-7-17-7H256v128h128v-6.1zm-96 225.06V416h68.99l161.68-162.78-67.88-67.88L288 346.96zm280.54-179.63l-31.87-31.87c-9.94-9.94-26.07-9.94-36.01 0l-27.25 27.25 67.88 67.88 27.25-27.25c9.95-9.94 9.95-26.07 0-36.01z\"><\/path><\/svg>\t\t\t<\/span>\n\t\t\t\t\t\t\t\t\t<span class=\"elementor-button-text\">D\u00e9poser un projet<\/span>\n\t\t\t\t\t<\/span>\n\t\t\t\t\t<\/a>\n\t\t\t\t<\/div>\n\t\t\t\t\t\t\t\t<\/div>\n\t\t\t\t<\/div>\n\t\t\t\t<div class=\"elementor-element elementor-element-66cf126 elementor-widget elementor-widget-spacer\" data-id=\"66cf126\" data-element_type=\"widget\" data-widget_type=\"spacer.default\">\n\t\t\t\t<div class=\"elementor-widget-container\">\n\t\t\t\t\t\t\t<div class=\"elementor-spacer\">\n\t\t\t<div class=\"elementor-spacer-inner\"><\/div>\n\t\t<\/div>\n\t\t\t\t\t\t<\/div>\n\t\t\t\t<\/div>\n\t\t\t\t\t<\/div>\n\t\t<\/div>\n\t\t\t\t\t<\/div>\n\t\t<\/section>\n\t\t\t\t<\/div>\n\t\t","protected":false},"excerpt":{"rendered":"<p>D\u00e9poser un dossier Vous vous appr\u00eatez \u00e0 faire un d\u00e9p\u00f4t de dossier aupr\u00e8s d&rsquo;Al\u00e8s M\u00e9c\u00e9nat. Avant de lancer le formulaire veuillez prendre connaissances des conditions ci-dessous : \u2022 Votre structure [&hellip;]<\/p>\n","protected":false},"author":1,"featured_media":0,"parent":0,"menu_order":0,"comment_status":"closed","ping_status":"closed","template":"","meta":{"footnotes":"","_links_to":"","_links_to_target":""},"class_list":["post-11223","page","type-page","status-publish","hentry"],"yoast_head":"<!-- This site is optimized with the Yoast SEO plugin v26.9 - https:\/\/yoast.com\/product\/yoast-seo-wordpress\/ -->\n<title>D\u00e9p\u00f4t de dossier - Al\u00e8s M\u00e9c\u00e9nat<\/title>\n<meta name=\"robots\" content=\"index, follow, max-snippet:-1, max-image-preview:large, max-video-preview:-1\" \/>\n<link rel=\"canonical\" href=\"https:\/\/ales-mecenat.fr\/?page_id=11223\" \/>\n<meta property=\"og:locale\" content=\"fr_FR\" \/>\n<meta property=\"og:type\" content=\"article\" \/>\n<meta property=\"og:title\" content=\"D\u00e9p\u00f4t de dossier - Al\u00e8s M\u00e9c\u00e9nat\" \/>\n<meta property=\"og:description\" content=\"D\u00e9poser un dossier Vous vous appr\u00eatez \u00e0 faire un d\u00e9p\u00f4t de dossier aupr\u00e8s d&rsquo;Al\u00e8s M\u00e9c\u00e9nat. Avant de lancer le formulaire veuillez prendre connaissances des conditions ci-dessous : \u2022 Votre structure [&hellip;]\" \/>\n<meta property=\"og:url\" content=\"https:\/\/ales-mecenat.fr\/?page_id=11223\" \/>\n<meta property=\"og:site_name\" content=\"Al\u00e8s M\u00e9c\u00e9nat\" \/>\n<meta property=\"article:modified_time\" content=\"2025-07-10T14:32:08+00:00\" \/>\n<meta name=\"twitter:card\" content=\"summary_large_image\" \/>\n<meta name=\"twitter:label1\" content=\"Dur\u00e9e de lecture estim\u00e9e\" \/>\n\t<meta name=\"twitter:data1\" content=\"2 minutes\" \/>\n<script type=\"application\/ld+json\" class=\"yoast-schema-graph\">{\"@context\":\"https:\/\/schema.org\",\"@graph\":[{\"@type\":\"WebPage\",\"@id\":\"https:\/\/ales-mecenat.fr\/?page_id=11223\",\"url\":\"https:\/\/ales-mecenat.fr\/?page_id=11223\",\"name\":\"D\u00e9p\u00f4t de dossier - Al\u00e8s M\u00e9c\u00e9nat\",\"isPartOf\":{\"@id\":\"https:\/\/ales-mecenat.fr\/#website\"},\"datePublished\":\"2025-07-10T13:52:31+00:00\",\"dateModified\":\"2025-07-10T14:32:08+00:00\",\"breadcrumb\":{\"@id\":\"https:\/\/ales-mecenat.fr\/?page_id=11223#breadcrumb\"},\"inLanguage\":\"fr-FR\",\"potentialAction\":[{\"@type\":\"ReadAction\",\"target\":[\"https:\/\/ales-mecenat.fr\/?page_id=11223\"]}]},{\"@type\":\"BreadcrumbList\",\"@id\":\"https:\/\/ales-mecenat.fr\/?page_id=11223#breadcrumb\",\"itemListElement\":[{\"@type\":\"ListItem\",\"position\":1,\"name\":\"Accueil\",\"item\":\"https:\/\/ales-mecenat.fr\/\"},{\"@type\":\"ListItem\",\"position\":2,\"name\":\"D\u00e9p\u00f4t de dossier\"}]},{\"@type\":\"WebSite\",\"@id\":\"https:\/\/ales-mecenat.fr\/#website\",\"url\":\"https:\/\/ales-mecenat.fr\/\",\"name\":\"Al\u00e8s M\u00e9c\u00e9nat\",\"description\":\"Fonds de Dotation d\u00e9di\u00e9 \u00e0 la Culture et au Sport sur le territoire d&#039;Al\u00e8s\",\"publisher\":{\"@id\":\"https:\/\/ales-mecenat.fr\/#organization\"},\"potentialAction\":[{\"@type\":\"SearchAction\",\"target\":{\"@type\":\"EntryPoint\",\"urlTemplate\":\"https:\/\/ales-mecenat.fr\/?s={search_term_string}\"},\"query-input\":{\"@type\":\"PropertyValueSpecification\",\"valueRequired\":true,\"valueName\":\"search_term_string\"}}],\"inLanguage\":\"fr-FR\"},{\"@type\":\"Organization\",\"@id\":\"https:\/\/ales-mecenat.fr\/#organization\",\"name\":\"Al\u00e8s M\u00e9c\u00e9nat\",\"url\":\"https:\/\/ales-mecenat.fr\/\",\"logo\":{\"@type\":\"ImageObject\",\"inLanguage\":\"fr-FR\",\"@id\":\"https:\/\/ales-mecenat.fr\/#\/schema\/logo\/image\/\",\"url\":\"https:\/\/ales-mecenat.fr\/wp-content\/uploads\/2025\/05\/logo-alesmecenat.svg\",\"contentUrl\":\"https:\/\/ales-mecenat.fr\/wp-content\/uploads\/2025\/05\/logo-alesmecenat.svg\",\"width\":309,\"height\":141,\"caption\":\"Al\u00e8s M\u00e9c\u00e9nat\"},\"image\":{\"@id\":\"https:\/\/ales-mecenat.fr\/#\/schema\/logo\/image\/\"}}]}<\/script>\n<!-- \/ Yoast SEO plugin. -->","yoast_head_json":{"title":"D\u00e9p\u00f4t de dossier - Al\u00e8s M\u00e9c\u00e9nat","robots":{"index":"index","follow":"follow","max-snippet":"max-snippet:-1","max-image-preview":"max-image-preview:large","max-video-preview":"max-video-preview:-1"},"canonical":"https:\/\/ales-mecenat.fr\/?page_id=11223","og_locale":"fr_FR","og_type":"article","og_title":"D\u00e9p\u00f4t de dossier - Al\u00e8s M\u00e9c\u00e9nat","og_description":"D\u00e9poser un dossier Vous vous appr\u00eatez \u00e0 faire un d\u00e9p\u00f4t de dossier aupr\u00e8s d&rsquo;Al\u00e8s M\u00e9c\u00e9nat. Avant de lancer le formulaire veuillez prendre connaissances des conditions ci-dessous : \u2022 Votre structure [&hellip;]","og_url":"https:\/\/ales-mecenat.fr\/?page_id=11223","og_site_name":"Al\u00e8s M\u00e9c\u00e9nat","article_modified_time":"2025-07-10T14:32:08+00:00","twitter_card":"summary_large_image","twitter_misc":{"Dur\u00e9e de lecture estim\u00e9e":"2 minutes"},"schema":{"@context":"https:\/\/schema.org","@graph":[{"@type":"WebPage","@id":"https:\/\/ales-mecenat.fr\/?page_id=11223","url":"https:\/\/ales-mecenat.fr\/?page_id=11223","name":"D\u00e9p\u00f4t de dossier - Al\u00e8s M\u00e9c\u00e9nat","isPartOf":{"@id":"https:\/\/ales-mecenat.fr\/#website"},"datePublished":"2025-07-10T13:52:31+00:00","dateModified":"2025-07-10T14:32:08+00:00","breadcrumb":{"@id":"https:\/\/ales-mecenat.fr\/?page_id=11223#breadcrumb"},"inLanguage":"fr-FR","potentialAction":[{"@type":"ReadAction","target":["https:\/\/ales-mecenat.fr\/?page_id=11223"]}]},{"@type":"BreadcrumbList","@id":"https:\/\/ales-mecenat.fr\/?page_id=11223#breadcrumb","itemListElement":[{"@type":"ListItem","position":1,"name":"Accueil","item":"https:\/\/ales-mecenat.fr\/"},{"@type":"ListItem","position":2,"name":"D\u00e9p\u00f4t de dossier"}]},{"@type":"WebSite","@id":"https:\/\/ales-mecenat.fr\/#website","url":"https:\/\/ales-mecenat.fr\/","name":"Al\u00e8s M\u00e9c\u00e9nat","description":"Fonds de Dotation d\u00e9di\u00e9 \u00e0 la Culture et au Sport sur le territoire d&#039;Al\u00e8s","publisher":{"@id":"https:\/\/ales-mecenat.fr\/#organization"},"potentialAction":[{"@type":"SearchAction","target":{"@type":"EntryPoint","urlTemplate":"https:\/\/ales-mecenat.fr\/?s={search_term_string}"},"query-input":{"@type":"PropertyValueSpecification","valueRequired":true,"valueName":"search_term_string"}}],"inLanguage":"fr-FR"},{"@type":"Organization","@id":"https:\/\/ales-mecenat.fr\/#organization","name":"Al\u00e8s M\u00e9c\u00e9nat","url":"https:\/\/ales-mecenat.fr\/","logo":{"@type":"ImageObject","inLanguage":"fr-FR","@id":"https:\/\/ales-mecenat.fr\/#\/schema\/logo\/image\/","url":"https:\/\/ales-mecenat.fr\/wp-content\/uploads\/2025\/05\/logo-alesmecenat.svg","contentUrl":"https:\/\/ales-mecenat.fr\/wp-content\/uploads\/2025\/05\/logo-alesmecenat.svg","width":309,"height":141,"caption":"Al\u00e8s M\u00e9c\u00e9nat"},"image":{"@id":"https:\/\/ales-mecenat.fr\/#\/schema\/logo\/image\/"}}]}},"wpcf_dashboard":"<div class=\"woocommerce\"><div class=\"woocommerce-info\">Veuillez d\u2019abord vous identifier\u00a0? <a class=\"wpneoShowLogin\" href=\"#\">Cliquez ici pour vous identifier<\/a><\/div><div class=\"wpneo_login_form_div\" style=\"display: none;\"><form name=\"loginform\" id=\"loginform\" action=\"https:\/\/ales-mecenat.fr\/wp-login.php\" method=\"post\"><p class=\"login-username\">\n\t\t\t\t<label for=\"user_login\">Identifiant ou adresse e-mail<\/label>\n\t\t\t\t<input type=\"text\" name=\"log\" id=\"user_login\" autocomplete=\"username\" class=\"input\" value=\"\" size=\"20\" \/>\n\t\t\t<\/p><p class=\"login-password\">\n\t\t\t\t<label for=\"user_pass\">Mot de passe<\/label>\n\t\t\t\t<input type=\"password\" name=\"pwd\" id=\"user_pass\" autocomplete=\"current-password\" spellcheck=\"false\" class=\"input\" value=\"\" size=\"20\" \/>\n\t\t\t<\/p><p class=\"login-remember\"><label><input name=\"rememberme\" type=\"checkbox\" id=\"rememberme\" value=\"forever\" \/> Se souvenir de moi<\/label><\/p><p class=\"login-submit\">\n\t\t\t\t<input type=\"submit\" name=\"wp-submit\" id=\"wp-submit\" class=\"button button-primary\" value=\"Se connecter\" \/>\n\t\t\t\t<input type=\"hidden\" name=\"redirect_to\" value=\"https:\/\/ales-mecenat.fr\/index.php?rest_route=%2Fwp%2Fv2%2Fpages%2F11223\" \/>\n\t\t\t<\/p><\/form><\/div><\/div>","_links":{"self":[{"href":"https:\/\/ales-mecenat.fr\/index.php?rest_route=\/wp\/v2\/pages\/11223","targetHints":{"allow":["GET"]}}],"collection":[{"href":"https:\/\/ales-mecenat.fr\/index.php?rest_route=\/wp\/v2\/pages"}],"about":[{"href":"https:\/\/ales-mecenat.fr\/index.php?rest_route=\/wp\/v2\/types\/page"}],"author":[{"embeddable":true,"href":"https:\/\/ales-mecenat.fr\/index.php?rest_route=\/wp\/v2\/users\/1"}],"replies":[{"embeddable":true,"href":"https:\/\/ales-mecenat.fr\/index.php?rest_route=%2Fwp%2Fv2%2Fcomments&post=11223"}],"version-history":[{"count":14,"href":"https:\/\/ales-mecenat.fr\/index.php?rest_route=\/wp\/v2\/pages\/11223\/revisions"}],"predecessor-version":[{"id":11239,"href":"https:\/\/ales-mecenat.fr\/index.php?rest_route=\/wp\/v2\/pages\/11223\/revisions\/11239"}],"wp:attachment":[{"href":"https:\/\/ales-mecenat.fr\/index.php?rest_route=%2Fwp%2Fv2%2Fmedia&parent=11223"}],"curies":[{"name":"wp","href":"https:\/\/api.w.org\/{rel}","templated":true}]}}